{"id":5481,"date":"2021-10-21T21:37:23","date_gmt":"2021-10-21T19:37:23","guid":{"rendered":"https:\/\/coaching-walkandtalk.com\/?page_id=5481"},"modified":"2022-02-21T21:00:14","modified_gmt":"2022-02-21T20:00:14","slug":"code-de-deontologie-du-coach","status":"publish","type":"page","link":"https:\/\/coaching-walkandtalk.com\/en\/code-de-deontologie-du-coach\/","title":{"rendered":"Code of ethics of life coaching"},"content":{"rendered":"<div class=\"wpb-content-wrapper\"><section class=\"vc_row wpb_row vc_row-fluid liquid-row-shadowbox-69e8ed3c98743\"><div class=\"ld-container container\"><div class=\"row ld-row\"><div class=\"wpb_column vc_column_container vc_col-sm-12 liquid-column-69e8ed3c98a72\"><div class=\"vc_column-inner\"><div class=\"wpb_wrapper\"   ><div class=\"wpb_wrapper-inner\"><style>.ld_spacer_69e8ed3c98b14{height:45px;}<\/style>\n<div class=\"ld-empty-space ld_spacer_69e8ed3c98b14\"><span class=\"liquid_empty_space_inner\"><\/span><\/div><\/div><\/div><\/div><\/div><\/div><\/div><\/section><section class=\"vc_row wpb_row vc_row-fluid liquid-row-shadowbox-69e8ed3c98c8d\"><div class=\"ld-container container\"><div class=\"row ld-row\"><div class=\"wpb_column vc_column_container vc_col-sm-12 liquid-column-69e8ed3c98e00\"><div class=\"vc_column-inner\"><div class=\"wpb_wrapper\"   ><div class=\"wpb_wrapper-inner\">\n\t<div class=\"wpb_text_column wpb_content_element\" >\n\t\t<div class=\"wpb_wrapper\">\n\t\t\t<h2>The common definition of the three coaching federations, ICF, SF coach and EMCC:<\/h2>\n<h2>Professional coaching is defined as a relationship followed in a defined period, that allows the client to achieve concrete and measurable results in their professional and personal life.<\/h2>\n<p>&nbsp;<\/p>\n<p>Through the coaching process, the client deepens their knowledge and improves their performance.<br \/>\nCoaching can be practiced in one-to-one sessions, on the phone or in group sessions, or even in a specific place (Sports Coaching).<br \/>\nExamples of coaching objectives:<br \/>\n\u2013 give the company a relevant direction,<br \/>\n\u2013 inspire the team with maximum efficiency and enthusiasm,<br \/>\n\u2013 satisfy professional and personal obligations,<br \/>\n\u2013 cope with significant changes in the environment,<br \/>\n\u2013 redirect the career path,<br \/>\n\u2013 adapt quickly to a new position<\/p>\n<p>&nbsp;<\/p>\n<h3>What is a coach?<\/h3>\n<p>Whatever their activity, working on behalf of organisations or private individuals, a \"professional\" coach is recognised by their training, their commitment, approach, ethical code, and their manner.<br \/>\n\u2022 They have undergone specific training in coaching<br \/>\n\u2022 They subscribe to a code of ethics, namely, the obligation of professional secrecy, the prohibition to exercise any abuse of influence, the need to respect the limit of their professional skills, the establishment of clear contracts with their clients and, where applicable, with the sponsoring organisation.<br \/>\n\u2022 They have an on-going coaching practice coupled with regular monitoring, and a commitment to professional and personal development.<br \/>\n\u2022 They have the will and ability to accompany a client towards their objectives, in autonomy and respect for free will.<\/p>\n<p><em><strong>Origin: EF Coaching<\/strong><\/em><\/p>\n\n\t\t<\/div>\n\t<\/div>\n<\/div><\/div><\/div><\/div><\/div><\/div><\/section>\n<\/div>","protected":false},"excerpt":{"rendered":"La d\u00e9finition commune des trois f\u00e9d\u00e9rations de coaching, ICF, SF coach et EMCC : Le...","protected":false},"author":2,"featured_media":0,"parent":0,"menu_order":0,"comment_status":"closed","ping_status":"closed","template":"","meta":{"footnotes":""},"class_list":["post-5481","page","type-page","status-publish","hentry"],"yoast_head":"<!-- This site is optimized with the Yoast SEO plugin v27.4 - https:\/\/yoast.com\/product\/yoast-seo-wordpress\/ -->\n<title>Code de d\u00e9ontologie du coach - Coaching Walk and Talk<\/title>\n<meta name=\"description\" content=\"Contactez Susanna Persson, coach professionnelle certifi\u00e9e. Le respect de votre vie priv\u00e9e est notre priorit\u00e9.\" \/>\n<meta name=\"robots\" content=\"index, follow, max-snippet:-1, max-image-preview:large, max-video-preview:-1\" \/>\n<link rel=\"canonical\" href=\"https:\/\/coaching-walkandtalk.com\/en\/code-de-deontologie-du-coach\/\" \/>\n<meta property=\"og:locale\" content=\"en_GB\" \/>\n<meta property=\"og:type\" content=\"article\" \/>\n<meta property=\"og:title\" content=\"Code de d\u00e9ontologie du coach - Coaching Walk and Talk\" \/>\n<meta property=\"og:description\" content=\"Contactez Susanna Persson, coach professionnelle certifi\u00e9e. Le respect de votre vie priv\u00e9e est notre priorit\u00e9.\" \/>\n<meta property=\"og:url\" content=\"https:\/\/coaching-walkandtalk.com\/en\/code-de-deontologie-du-coach\/\" \/>\n<meta property=\"og:site_name\" content=\"Coaching Walk and Talk\" \/>\n<meta property=\"article:modified_time\" content=\"2022-02-21T20:00:14+00:00\" \/>\n<meta name=\"twitter:card\" content=\"summary_large_image\" \/>\n<meta name=\"twitter:label1\" content=\"Estimated reading time\" \/>\n\t<meta name=\"twitter:data1\" content=\"2 minutes\" \/>\n<script type=\"application\/ld+json\" class=\"yoast-schema-graph\">{\"@context\":\"https:\\\/\\\/schema.org\",\"@graph\":[{\"@type\":\"WebPage\",\"@id\":\"https:\\\/\\\/coaching-walkandtalk.com\\\/code-de-deontologie-du-coach\\\/\",\"url\":\"https:\\\/\\\/coaching-walkandtalk.com\\\/code-de-deontologie-du-coach\\\/\",\"name\":\"Code de d\u00e9ontologie du coach - Coaching Walk and Talk\",\"isPartOf\":{\"@id\":\"https:\\\/\\\/coaching-walkandtalk.com\\\/#website\"},\"datePublished\":\"2021-10-21T19:37:23+00:00\",\"dateModified\":\"2022-02-21T20:00:14+00:00\",\"description\":\"Contactez Susanna Persson, coach professionnelle certifi\u00e9e. Le respect de votre vie priv\u00e9e est notre priorit\u00e9.\",\"breadcrumb\":{\"@id\":\"https:\\\/\\\/coaching-walkandtalk.com\\\/code-de-deontologie-du-coach\\\/#breadcrumb\"},\"inLanguage\":\"en-GB\",\"potentialAction\":[{\"@type\":\"ReadAction\",\"target\":[\"https:\\\/\\\/coaching-walkandtalk.com\\\/code-de-deontologie-du-coach\\\/\"]}]},{\"@type\":\"BreadcrumbList\",\"@id\":\"https:\\\/\\\/coaching-walkandtalk.com\\\/code-de-deontologie-du-coach\\\/#breadcrumb\",\"itemListElement\":[{\"@type\":\"ListItem\",\"position\":1,\"name\":\"Accueil\",\"item\":\"https:\\\/\\\/coaching-walkandtalk.com\\\/\"},{\"@type\":\"ListItem\",\"position\":2,\"name\":\"Code de d\u00e9ontologie du coach\"}]},{\"@type\":\"WebSite\",\"@id\":\"https:\\\/\\\/coaching-walkandtalk.com\\\/#website\",\"url\":\"https:\\\/\\\/coaching-walkandtalk.com\\\/\",\"name\":\"Coaching Walk and Talk\",\"description\":\"Je vous guiderai sur le sentier de votre vie.\",\"potentialAction\":[{\"@type\":\"SearchAction\",\"target\":{\"@type\":\"EntryPoint\",\"urlTemplate\":\"https:\\\/\\\/coaching-walkandtalk.com\\\/?s={search_term_string}\"},\"query-input\":{\"@type\":\"PropertyValueSpecification\",\"valueRequired\":true,\"valueName\":\"search_term_string\"}}],\"inLanguage\":\"en-GB\"}]}<\/script>\n<!-- \/ Yoast SEO plugin. -->","yoast_head_json":{"title":"Code de d\u00e9ontologie du coach - Coaching Walk and Talk","description":"Contactez Susanna Persson, coach professionnelle certifi\u00e9e. Le respect de votre vie priv\u00e9e est notre priorit\u00e9.","robots":{"index":"index","follow":"follow","max-snippet":"max-snippet:-1","max-image-preview":"max-image-preview:large","max-video-preview":"max-video-preview:-1"},"canonical":"https:\/\/coaching-walkandtalk.com\/en\/code-de-deontologie-du-coach\/","og_locale":"en_GB","og_type":"article","og_title":"Code de d\u00e9ontologie du coach - Coaching Walk and Talk","og_description":"Contactez Susanna Persson, coach professionnelle certifi\u00e9e. Le respect de votre vie priv\u00e9e est notre priorit\u00e9.","og_url":"https:\/\/coaching-walkandtalk.com\/en\/code-de-deontologie-du-coach\/","og_site_name":"Coaching Walk and Talk","article_modified_time":"2022-02-21T20:00:14+00:00","twitter_card":"summary_large_image","twitter_misc":{"Estimated reading time":"2 minutes"},"schema":{"@context":"https:\/\/schema.org","@graph":[{"@type":"WebPage","@id":"https:\/\/coaching-walkandtalk.com\/code-de-deontologie-du-coach\/","url":"https:\/\/coaching-walkandtalk.com\/code-de-deontologie-du-coach\/","name":"Code de d\u00e9ontologie du coach - Coaching Walk and Talk","isPartOf":{"@id":"https:\/\/coaching-walkandtalk.com\/#website"},"datePublished":"2021-10-21T19:37:23+00:00","dateModified":"2022-02-21T20:00:14+00:00","description":"Contactez Susanna Persson, coach professionnelle certifi\u00e9e. Le respect de votre vie priv\u00e9e est notre priorit\u00e9.","breadcrumb":{"@id":"https:\/\/coaching-walkandtalk.com\/code-de-deontologie-du-coach\/#breadcrumb"},"inLanguage":"en-GB","potentialAction":[{"@type":"ReadAction","target":["https:\/\/coaching-walkandtalk.com\/code-de-deontologie-du-coach\/"]}]},{"@type":"BreadcrumbList","@id":"https:\/\/coaching-walkandtalk.com\/code-de-deontologie-du-coach\/#breadcrumb","itemListElement":[{"@type":"ListItem","position":1,"name":"Accueil","item":"https:\/\/coaching-walkandtalk.com\/"},{"@type":"ListItem","position":2,"name":"Code de d\u00e9ontologie du coach"}]},{"@type":"WebSite","@id":"https:\/\/coaching-walkandtalk.com\/#website","url":"https:\/\/coaching-walkandtalk.com\/","name":"Coaching Walk and Talk","description":"I will guide you on the path of your life.","potentialAction":[{"@type":"SearchAction","target":{"@type":"EntryPoint","urlTemplate":"https:\/\/coaching-walkandtalk.com\/?s={search_term_string}"},"query-input":{"@type":"PropertyValueSpecification","valueRequired":true,"valueName":"search_term_string"}}],"inLanguage":"en-GB"}]}},"_links":{"self":[{"href":"https:\/\/coaching-walkandtalk.com\/en\/wp-json\/wp\/v2\/pages\/5481","targetHints":{"allow":["GET"]}}],"collection":[{"href":"https:\/\/coaching-walkandtalk.com\/en\/wp-json\/wp\/v2\/pages"}],"about":[{"href":"https:\/\/coaching-walkandtalk.com\/en\/wp-json\/wp\/v2\/types\/page"}],"author":[{"embeddable":true,"href":"https:\/\/coaching-walkandtalk.com\/en\/wp-json\/wp\/v2\/users\/2"}],"replies":[{"embeddable":true,"href":"https:\/\/coaching-walkandtalk.com\/en\/wp-json\/wp\/v2\/comments?post=5481"}],"version-history":[{"count":1,"href":"https:\/\/coaching-walkandtalk.com\/en\/wp-json\/wp\/v2\/pages\/5481\/revisions"}],"predecessor-version":[{"id":6010,"href":"https:\/\/coaching-walkandtalk.com\/en\/wp-json\/wp\/v2\/pages\/5481\/revisions\/6010"}],"wp:attachment":[{"href":"https:\/\/coaching-walkandtalk.com\/en\/wp-json\/wp\/v2\/media?parent=5481"}],"curies":[{"name":"wp","href":"https:\/\/api.w.org\/{rel}","templated":true}]}}