{"id":5015,"date":"2021-07-31T12:29:35","date_gmt":"2021-07-31T12:29:35","guid":{"rendered":"https:\/\/coaching-walkandtalk.com\/?page_id=5015"},"modified":"2022-02-21T21:00:56","modified_gmt":"2022-02-21T20:00:56","slug":"mentions-legales","status":"publish","type":"page","link":"https:\/\/coaching-walkandtalk.com\/en\/mentions-legales\/","title":{"rendered":"Legal Notice"},"content":{"rendered":"<div class=\"wpb-content-wrapper\"><section class=\"vc_row wpb_row vc_row-fluid liquid-row-shadowbox-69e92681d28c4\"><div class=\"ld-container container\"><div class=\"row ld-row\"><div class=\"wpb_column vc_column_container vc_col-sm-12 liquid-column-69e92681d2c15\"><div class=\"vc_column-inner\"><div class=\"wpb_wrapper\"   ><div class=\"wpb_wrapper-inner\"><style>.ld_spacer_69e92681d2cf4{height:45px;}<\/style>\n<div class=\"ld-empty-space ld_spacer_69e92681d2cf4\"><span class=\"liquid_empty_space_inner\"><\/span><\/div><\/div><\/div><\/div><\/div><\/div><\/div><\/section><section class=\"vc_row wpb_row vc_row-fluid liquid-row-shadowbox-69e92681d2f11\"><div class=\"ld-container container\"><div class=\"row ld-row\"><div class=\"wpb_column vc_column_container vc_col-sm-12 liquid-column-69e92681d312f\"><div class=\"vc_column-inner\"><div class=\"wpb_wrapper\"   ><div class=\"wpb_wrapper-inner\">\n\t<div class=\"wpb_text_column wpb_content_element\" >\n\t\t<div class=\"wpb_wrapper\">\n\t\t\t<h2 class=\"wp-block-heading\">Publisher<\/h2>\n<p>'\u00a0<a href=\"https:\/\/coaching-walkandtalk.com\/en\/\" target=\"_blank\" rel=\"noreferrer noopener\">https:\/\/www.coaching-walkandtalk.com<\/a> ' website is the property of Susanna Persson certified life coach. The website https:\/\/www.coaching-walkandtalk.com uses Open-Source WordPress. <a href=\"https:\/\/coaching-walkandtalk.com\/en\/\">https:\/\/coaching-walkandtalk.com\/<\/a>\u00a0uses Open-Source WordPress.<\/p>\n<p>The site is in HTTPS, which means the user can check the site\u2019s identity with a certificate of authenticity sent by a completely secure third party. By using a secure connection, the privacy and integrity of data are maintained, and authentication of the website is also validated. You can find more detailed information within our <a href=\"https:\/\/coaching-walkandtalk.com\/en\/politique-de-confidentialite\/\" target=\"_blank\" rel=\"noreferrer noopener\">privacy policy<\/a>).<\/p>\n<p>You can, at any time and for legitimate reasons, opt out of personal data processing.<\/p>\n<h2 class=\"wp-block-heading\">Hosting<\/h2>\n<p>The website is hosted by Ionos, a secured website hosting company respecting the applicable regulations of the GDPR.<\/p>\n<h2 class=\"wp-block-heading\">Data processing and civil liberties<\/h2>\n<p>We believe that the respect and security of your private information is a fundamental prerequisite when building a trusting relationship together. We will do our utmost to give you clear, concise information regarding the entirety of our services and fees. Please do not hesitate to contact us at any time using the contact form: <a href=\"https:\/\/coaching-walkandtalk.com\/en\/contact-et-tarifs\/\" target=\"_blank\" rel=\"noreferrer noopener\">https:\/\/coaching-walkandtalk.com\/contact-et-tarifs\/<\/a><\/p>\n<p>Since the GDPR regulations came into effect, we particularly ensure your complete freedom over your personal data. According to French law, article 34 \u2018informatique et libert\u00e9s\u2019 of the 6th January 1978, (data protection act) you have the right to access, modify, rectify or delete any personal information.<\/p>\n<h2 class=\"wp-block-heading\">Intellectual Property<\/h2>\n<p>Our site is copyright protected: all illustrations, web design, text and photos belong to Susanna Persson. Any reproduction in part or whole is forbidden.<\/p>\n<p>&nbsp;<\/p>\n\n\t\t<\/div>\n\t<\/div>\n<\/div><\/div><\/div><\/div><\/div><\/div><\/section><\/div>","protected":false},"excerpt":{"rendered":"Editeur Le site\u00a0https:\/\/www.coaching-walkandtalk.com est la propri\u00e9t\u00e9 de Susanna Persson, coach professionnelle certifi\u00e9e. Le site https:\/\/coaching-walkandtalk.com\/\u00a0utilise...","protected":false},"author":2,"featured_media":0,"parent":0,"menu_order":0,"comment_status":"closed","ping_status":"closed","template":"","meta":{"footnotes":""},"class_list":["post-5015","page","type-page","status-publish","hentry"],"yoast_head":"<!-- This site is optimized with the Yoast SEO plugin v27.4 - https:\/\/yoast.com\/product\/yoast-seo-wordpress\/ -->\n<title>Mentions L\u00e9gales - Coaching Walk and Talk<\/title>\n<meta name=\"description\" content=\"Contactez Susanna Persson, coach professionnelle certifi\u00e9e. Le respect de votre vie priv\u00e9e est notre priorit\u00e9.\" \/>\n<meta name=\"robots\" content=\"index, follow, max-snippet:-1, max-image-preview:large, max-video-preview:-1\" \/>\n<link rel=\"canonical\" href=\"https:\/\/coaching-walkandtalk.com\/en\/mentions-legales\/\" \/>\n<meta property=\"og:locale\" content=\"en_GB\" \/>\n<meta property=\"og:type\" content=\"article\" \/>\n<meta property=\"og:title\" content=\"Mentions L\u00e9gales - Coaching Walk and Talk\" \/>\n<meta property=\"og:description\" content=\"Contactez Susanna Persson, coach professionnelle certifi\u00e9e. Le respect de votre vie priv\u00e9e est notre priorit\u00e9.\" \/>\n<meta property=\"og:url\" content=\"https:\/\/coaching-walkandtalk.com\/en\/mentions-legales\/\" \/>\n<meta property=\"og:site_name\" content=\"Coaching Walk and Talk\" \/>\n<meta property=\"article:modified_time\" content=\"2022-02-21T20:00:56+00:00\" \/>\n<meta name=\"twitter:card\" content=\"summary_large_image\" \/>\n<meta name=\"twitter:label1\" content=\"Estimated reading time\" \/>\n\t<meta name=\"twitter:data1\" content=\"2 minutes\" \/>\n<script type=\"application\/ld+json\" class=\"yoast-schema-graph\">{\"@context\":\"https:\\\/\\\/schema.org\",\"@graph\":[{\"@type\":\"WebPage\",\"@id\":\"https:\\\/\\\/coaching-walkandtalk.com\\\/mentions-legales\\\/\",\"url\":\"https:\\\/\\\/coaching-walkandtalk.com\\\/mentions-legales\\\/\",\"name\":\"Mentions L\u00e9gales - Coaching Walk and Talk\",\"isPartOf\":{\"@id\":\"https:\\\/\\\/coaching-walkandtalk.com\\\/#website\"},\"datePublished\":\"2021-07-31T12:29:35+00:00\",\"dateModified\":\"2022-02-21T20:00:56+00:00\",\"description\":\"Contactez Susanna Persson, coach professionnelle certifi\u00e9e. Le respect de votre vie priv\u00e9e est notre priorit\u00e9.\",\"breadcrumb\":{\"@id\":\"https:\\\/\\\/coaching-walkandtalk.com\\\/mentions-legales\\\/#breadcrumb\"},\"inLanguage\":\"en-GB\",\"potentialAction\":[{\"@type\":\"ReadAction\",\"target\":[\"https:\\\/\\\/coaching-walkandtalk.com\\\/mentions-legales\\\/\"]}]},{\"@type\":\"BreadcrumbList\",\"@id\":\"https:\\\/\\\/coaching-walkandtalk.com\\\/mentions-legales\\\/#breadcrumb\",\"itemListElement\":[{\"@type\":\"ListItem\",\"position\":1,\"name\":\"Accueil\",\"item\":\"https:\\\/\\\/coaching-walkandtalk.com\\\/\"},{\"@type\":\"ListItem\",\"position\":2,\"name\":\"Mentions L\u00e9gales\"}]},{\"@type\":\"WebSite\",\"@id\":\"https:\\\/\\\/coaching-walkandtalk.com\\\/#website\",\"url\":\"https:\\\/\\\/coaching-walkandtalk.com\\\/\",\"name\":\"Coaching Walk and Talk\",\"description\":\"Je vous guiderai sur le sentier de votre vie.\",\"potentialAction\":[{\"@type\":\"SearchAction\",\"target\":{\"@type\":\"EntryPoint\",\"urlTemplate\":\"https:\\\/\\\/coaching-walkandtalk.com\\\/?s={search_term_string}\"},\"query-input\":{\"@type\":\"PropertyValueSpecification\",\"valueRequired\":true,\"valueName\":\"search_term_string\"}}],\"inLanguage\":\"en-GB\"}]}<\/script>\n<!-- \/ Yoast SEO plugin. -->","yoast_head_json":{"title":"Mentions L\u00e9gales - Coaching Walk and Talk","description":"Contactez Susanna Persson, coach professionnelle certifi\u00e9e. Le respect de votre vie priv\u00e9e est notre priorit\u00e9.","robots":{"index":"index","follow":"follow","max-snippet":"max-snippet:-1","max-image-preview":"max-image-preview:large","max-video-preview":"max-video-preview:-1"},"canonical":"https:\/\/coaching-walkandtalk.com\/en\/mentions-legales\/","og_locale":"en_GB","og_type":"article","og_title":"Mentions L\u00e9gales - Coaching Walk and Talk","og_description":"Contactez Susanna Persson, coach professionnelle certifi\u00e9e. Le respect de votre vie priv\u00e9e est notre priorit\u00e9.","og_url":"https:\/\/coaching-walkandtalk.com\/en\/mentions-legales\/","og_site_name":"Coaching Walk and Talk","article_modified_time":"2022-02-21T20:00:56+00:00","twitter_card":"summary_large_image","twitter_misc":{"Estimated reading time":"2 minutes"},"schema":{"@context":"https:\/\/schema.org","@graph":[{"@type":"WebPage","@id":"https:\/\/coaching-walkandtalk.com\/mentions-legales\/","url":"https:\/\/coaching-walkandtalk.com\/mentions-legales\/","name":"Mentions L\u00e9gales - Coaching Walk and Talk","isPartOf":{"@id":"https:\/\/coaching-walkandtalk.com\/#website"},"datePublished":"2021-07-31T12:29:35+00:00","dateModified":"2022-02-21T20:00:56+00:00","description":"Contactez Susanna Persson, coach professionnelle certifi\u00e9e. Le respect de votre vie priv\u00e9e est notre priorit\u00e9.","breadcrumb":{"@id":"https:\/\/coaching-walkandtalk.com\/mentions-legales\/#breadcrumb"},"inLanguage":"en-GB","potentialAction":[{"@type":"ReadAction","target":["https:\/\/coaching-walkandtalk.com\/mentions-legales\/"]}]},{"@type":"BreadcrumbList","@id":"https:\/\/coaching-walkandtalk.com\/mentions-legales\/#breadcrumb","itemListElement":[{"@type":"ListItem","position":1,"name":"Accueil","item":"https:\/\/coaching-walkandtalk.com\/"},{"@type":"ListItem","position":2,"name":"Mentions L\u00e9gales"}]},{"@type":"WebSite","@id":"https:\/\/coaching-walkandtalk.com\/#website","url":"https:\/\/coaching-walkandtalk.com\/","name":"Coaching Walk and Talk","description":"I will guide you on the path of your life.","potentialAction":[{"@type":"SearchAction","target":{"@type":"EntryPoint","urlTemplate":"https:\/\/coaching-walkandtalk.com\/?s={search_term_string}"},"query-input":{"@type":"PropertyValueSpecification","valueRequired":true,"valueName":"search_term_string"}}],"inLanguage":"en-GB"}]}},"_links":{"self":[{"href":"https:\/\/coaching-walkandtalk.com\/en\/wp-json\/wp\/v2\/pages\/5015","targetHints":{"allow":["GET"]}}],"collection":[{"href":"https:\/\/coaching-walkandtalk.com\/en\/wp-json\/wp\/v2\/pages"}],"about":[{"href":"https:\/\/coaching-walkandtalk.com\/en\/wp-json\/wp\/v2\/types\/page"}],"author":[{"embeddable":true,"href":"https:\/\/coaching-walkandtalk.com\/en\/wp-json\/wp\/v2\/users\/2"}],"replies":[{"embeddable":true,"href":"https:\/\/coaching-walkandtalk.com\/en\/wp-json\/wp\/v2\/comments?post=5015"}],"version-history":[{"count":1,"href":"https:\/\/coaching-walkandtalk.com\/en\/wp-json\/wp\/v2\/pages\/5015\/revisions"}],"predecessor-version":[{"id":6013,"href":"https:\/\/coaching-walkandtalk.com\/en\/wp-json\/wp\/v2\/pages\/5015\/revisions\/6013"}],"wp:attachment":[{"href":"https:\/\/coaching-walkandtalk.com\/en\/wp-json\/wp\/v2\/media?parent=5015"}],"curies":[{"name":"wp","href":"https:\/\/api.w.org\/{rel}","templated":true}]}}