{"id":2396,"date":"2018-09-11T17:57:31","date_gmt":"2018-09-11T17:57:31","guid":{"rendered":"http:\/\/travel.one.peakteam.co\/?page_id=2396"},"modified":"2022-02-21T20:59:33","modified_gmt":"2022-02-21T19:59:33","slug":"blog","status":"publish","type":"page","link":"https:\/\/coaching-walkandtalk.com\/en\/blog\/","title":{"rendered":"Blog"},"content":{"rendered":"<div class=\"wpb-content-wrapper\"><section class=\"vc_row wpb_row vc_row-fluid vc_custom_1631120441985 liquid-row-shadowbox-69e90234446a4\"><div class=\"ld-container container\"><div class=\"row ld-row\"><div class=\"wpb_column vc_column_container vc_col-sm-12 liquid-column-69e90234449b8\"><div class=\"vc_column-inner\"><div class=\"wpb_wrapper\"   ><div class=\"wpb_wrapper-inner\"><style>.ld_blog_69e9023444a9a .liquid-blog-grid{margin-left:-15px;margin-right:-15px;}.ld_blog_69e9023444a9a .liquid-blog-grid > div{padding-left:15px;padding-right:15px;}.ld_blog_69e9023444a9a .liquid-blog-grid .liquid-lp{margin-bottom:30px;}.ld_blog_69e9023444a9a .filter-list{margin-bottom:px;}.ld_blog_69e9023444a9a .liquid-blog-item .liquid-lp-title,.ld_blog_69e9023444a9a .liquid-lp .liquid-lp-title{margin-top:px;margin-bottom:px;}<\/style><div data-filter-id=\"1534425942772-76e06cc0-e69c\" class=\"liquid-blog-posts ld_blog_69e9023444a9a 1534425942773-0df3d699-72e3\" data-post-per-page=\"10\"><div class=\"liquid-blog-grid row\"><div class=\"col-md-4\"><article id=\"post-6149\" class=\"liquid-lp post-6149 post type-post status-publish format-standard has-post-thumbnail hentry category-blog\"><figure class=\"liquid-lp-media\"  data-responsive-bg=\"true\" data-parallax=\"true\" data-parallax-options='{ \"parallaxBG\": true }'><a  href=\"https:\/\/coaching-walkandtalk.com\/en\/le-disc-et-forces\/\"><img decoding=\"async\" width=\"740\" height=\"600\" src=\"data:image\/svg+xml;charset=utf-8,&lt;svg xmlns%3D&#039;http%3A%2F%2Fwww.w3.org%2F2000%2Fsvg&#039; viewBox%3D&#039;0 0 740 600&#039;%2F&gt;\" class=\"attachment-liquid-classic-meta-blog size-liquid-classic-meta-blog ld-lazyload wp-post-image\" alt=\"DISC et Forces Motrices\" srcset=\"\" sizes=\"(max-width: 740px) 100vw, 740px\" data-src=\"https:\/\/coaching-walkandtalk.com\/wp-content\/uploads\/2022\/05\/IMG_2878-scaled-740x600.jpg\" data-srcset=\"https:\/\/coaching-walkandtalk.com\/wp-content\/uploads\/2022\/05\/IMG_2878-scaled-740x600.jpg 740w, https:\/\/coaching-walkandtalk.com\/wp-content\/uploads\/2022\/05\/IMG_2878-scaled-16x12.jpg 16w\" data-aspect=\"1.2333333333333\" \/><\/a><\/figure>\n<header class=\"liquid-lp-header\">\n\t<h2 class=\"entry-title liquid-lp-title h4\"><a  href=\"https:\/\/coaching-walkandtalk.com\/en\/le-disc-et-forces\/\" rel=\"bookmark\">Le DISC et Forces Motrices<\/a><\/h2><\/header>\n\n\t\t\t<div class=\"liquid-lp-excerpt entry-summary\">\n\t\t\t\tLA CLE POUR GARDER LA MOTIVATION AU TRAVAIL\u00a0! Qu'est qui vous motive pour aller au travail tous\t\t\t<\/div><!-- \/.latest-post-excerpt -->\n\t\t\n<footer class=\"liquid-lp-footer\">\n\t<a href=\"https:\/\/coaching-walkandtalk.com\/en\/le-disc-et-forces\/\" class=\"btn btn-naked text-uppercase font-weight-bold liquid-lp-read-more\">\n\t\t<span>\n\t\t\t<span class=\"btn-txt\">Read more<\/span>\n\t\t<\/span>\n\t<\/a>\n<\/footer><\/article><\/div><div class=\"col-md-4\"><article id=\"post-5625\" class=\"liquid-lp post-5625 post type-post status-publish format-standard has-post-thumbnail hentry category-blog\"><figure class=\"liquid-lp-media\"  data-responsive-bg=\"true\" data-parallax=\"true\" data-parallax-options='{ \"parallaxBG\": true }'><a  href=\"https:\/\/coaching-walkandtalk.com\/en\/cerveau-et-activite-physique\/\"><img decoding=\"async\" width=\"740\" height=\"600\" src=\"data:image\/svg+xml;charset=utf-8,&lt;svg xmlns%3D&#039;http%3A%2F%2Fwww.w3.org%2F2000%2Fsvg&#039; viewBox%3D&#039;0 0 740 600&#039;%2F&gt;\" class=\"attachment-liquid-classic-meta-blog size-liquid-classic-meta-blog ld-lazyload wp-post-image\" alt=\"Coaching Nature\" srcset=\"\" sizes=\"(max-width: 740px) 100vw, 740px\" data-src=\"https:\/\/coaching-walkandtalk.com\/wp-content\/uploads\/2021\/11\/susanna-persson-coaching-activite-physique-scaled-740x600.jpg\" data-srcset=\"https:\/\/coaching-walkandtalk.com\/wp-content\/uploads\/2021\/11\/susanna-persson-coaching-activite-physique-scaled-740x600.jpg 740w, https:\/\/coaching-walkandtalk.com\/wp-content\/uploads\/2021\/11\/susanna-persson-coaching-activite-physique-scaled-16x12.jpg 16w\" data-aspect=\"1.2333333333333\" \/><\/a><\/figure>\n<header class=\"liquid-lp-header\">\n\t<h2 class=\"entry-title liquid-lp-title h4\"><a  href=\"https:\/\/coaching-walkandtalk.com\/en\/cerveau-et-activite-physique\/\" rel=\"bookmark\">The brain, the organ most affected by our physical activity.<\/a><\/h2><\/header>\n\n\t\t\t<div class=\"liquid-lp-excerpt entry-summary\">\n\t\t\t\tIf you would like to cope better with stress, feel better, improve your memory, enhance creativity and become smarter, the first step is to undertake some physical exercise.\t\t\t<\/div><!-- \/.latest-post-excerpt -->\n\t\t\n<footer class=\"liquid-lp-footer\">\n\t<a href=\"https:\/\/coaching-walkandtalk.com\/en\/cerveau-et-activite-physique\/\" class=\"btn btn-naked text-uppercase font-weight-bold liquid-lp-read-more\">\n\t\t<span>\n\t\t\t<span class=\"btn-txt\">Read more<\/span>\n\t\t<\/span>\n\t<\/a>\n<\/footer><\/article><\/div><div class=\"col-md-4\"><article id=\"post-5467\" class=\"liquid-lp post-5467 post type-post status-publish format-standard has-post-thumbnail hentry category-blog\"><figure class=\"liquid-lp-media\"  data-responsive-bg=\"true\" data-parallax=\"true\" data-parallax-options='{ \"parallaxBG\": true }'><a  href=\"https:\/\/coaching-walkandtalk.com\/en\/donnez-un-nouveau-sens-a-votre-vie\/\"><img decoding=\"async\" width=\"740\" height=\"600\" src=\"data:image\/svg+xml;charset=utf-8,&lt;svg xmlns%3D&#039;http%3A%2F%2Fwww.w3.org%2F2000%2Fsvg&#039; viewBox%3D&#039;0 0 740 600&#039;%2F&gt;\" class=\"attachment-liquid-classic-meta-blog size-liquid-classic-meta-blog ld-lazyload wp-post-image\" alt=\"Coaching Nature Susanna Persson\" srcset=\"\" sizes=\"(max-width: 740px) 100vw, 740px\" data-src=\"https:\/\/coaching-walkandtalk.com\/wp-content\/uploads\/2021\/10\/coaching-nature-sens-a-la-vie-scaled-740x600.jpg\" data-srcset=\"https:\/\/coaching-walkandtalk.com\/wp-content\/uploads\/2021\/10\/coaching-nature-sens-a-la-vie-scaled-740x600.jpg 740w, https:\/\/coaching-walkandtalk.com\/wp-content\/uploads\/2021\/10\/coaching-nature-sens-a-la-vie-scaled-16x12.jpg 16w\" data-aspect=\"1.2333333333333\" \/><\/a><\/figure>\n<header class=\"liquid-lp-header\">\n\t<h2 class=\"entry-title liquid-lp-title h4\"><a  href=\"https:\/\/coaching-walkandtalk.com\/en\/donnez-un-nouveau-sens-a-votre-vie\/\" rel=\"bookmark\">Bringing new meaning to your life<\/a><\/h2><\/header>\n\n\t\t\t<div class=\"liquid-lp-excerpt entry-summary\">\n\t\t\t\tHow do you bring purpose to your life? I love the following text by David le Breton, which has accompanied me in my life for several years now. I think this text reminds us of the importance of how we interpret our experiences in life and teaches us that we can also change.\t\t\t<\/div><!-- \/.latest-post-excerpt -->\n\t\t\n<footer class=\"liquid-lp-footer\">\n\t<a href=\"https:\/\/coaching-walkandtalk.com\/en\/donnez-un-nouveau-sens-a-votre-vie\/\" class=\"btn btn-naked text-uppercase font-weight-bold liquid-lp-read-more\">\n\t\t<span>\n\t\t\t<span class=\"btn-txt\">Read more<\/span>\n\t\t<\/span>\n\t<\/a>\n<\/footer><\/article><\/div><div class=\"col-md-4\"><article id=\"post-5298\" class=\"liquid-lp post-5298 post type-post status-publish format-standard has-post-thumbnail hentry category-blog\"><figure class=\"liquid-lp-media\"  data-responsive-bg=\"true\" data-parallax=\"true\" data-parallax-options='{ \"parallaxBG\": true }'><a  href=\"https:\/\/coaching-walkandtalk.com\/en\/gestion-des-relations\/\"><img decoding=\"async\" width=\"740\" height=\"600\" src=\"data:image\/svg+xml;charset=utf-8,&lt;svg xmlns%3D&#039;http%3A%2F%2Fwww.w3.org%2F2000%2Fsvg&#039; viewBox%3D&#039;0 0 740 600&#039;%2F&gt;\" class=\"attachment-liquid-classic-meta-blog size-liquid-classic-meta-blog ld-lazyload wp-post-image\" alt=\"\" srcset=\"\" sizes=\"(max-width: 740px) 100vw, 740px\" data-src=\"https:\/\/coaching-walkandtalk.com\/wp-content\/uploads\/2021\/09\/Susanna-Persson-coach-developpement-personnel-740x600.jpg\" data-srcset=\"https:\/\/coaching-walkandtalk.com\/wp-content\/uploads\/2021\/09\/Susanna-Persson-coach-developpement-personnel-740x600.jpg 740w, https:\/\/coaching-walkandtalk.com\/wp-content\/uploads\/2021\/09\/Susanna-Persson-coach-developpement-personnel-14x12.jpg 14w\" data-aspect=\"1.2333333333333\" \/><\/a><\/figure>\n<header class=\"liquid-lp-header\">\n\t<h2 class=\"entry-title liquid-lp-title h4\"><a  href=\"https:\/\/coaching-walkandtalk.com\/en\/gestion-des-relations\/\" rel=\"bookmark\">Relationships<\/a><\/h2><\/header>\n\n\t\t\t<div class=\"liquid-lp-excerpt entry-summary\">\n\t\t\t\tWhy all the unnecessary conflict and repetitive misunderstandings? Why do we have this constant frustration from being misunderstood, being misheard, like no body\u2019s really listening or taking us into consideration?\t\t\t<\/div><!-- \/.latest-post-excerpt -->\n\t\t\n<footer class=\"liquid-lp-footer\">\n\t<a href=\"https:\/\/coaching-walkandtalk.com\/en\/gestion-des-relations\/\" class=\"btn btn-naked text-uppercase font-weight-bold liquid-lp-read-more\">\n\t\t<span>\n\t\t\t<span class=\"btn-txt\">Read more<\/span>\n\t\t<\/span>\n\t<\/a>\n<\/footer><\/article><\/div><\/div><!--\/ .row --><\/div><!--\/ .liquid-blog-posts --><\/div><\/div><\/div><\/div><\/div><\/div><\/section>\n<\/div>","protected":false},"excerpt":{"rendered":"Why all the unnecessary conflict and repetitive misunderstandings? Why do we have this constant frustration from being misunderstood, being misheard, like no body\u2019s really listening or taking us into consideration?","protected":false},"author":1,"featured_media":0,"parent":0,"menu_order":0,"comment_status":"closed","ping_status":"closed","template":"","meta":{"footnotes":""},"class_list":["post-2396","page","type-page","status-publish","hentry"],"yoast_head":"<!-- This site is optimized with the Yoast SEO plugin v27.4 - https:\/\/yoast.com\/product\/yoast-seo-wordpress\/ -->\n<title>Blog - Coaching Walk and Talk<\/title>\n<meta name=\"description\" content=\"D\u00e9couvrez le d\u00e9veloppement personnel et ses bienfaits, gr\u00e2ce aux conseils de Susanna Persson, coach professionnelle certifi\u00e9e.\" \/>\n<meta name=\"robots\" content=\"index, follow, max-snippet:-1, max-image-preview:large, max-video-preview:-1\" \/>\n<link rel=\"canonical\" href=\"https:\/\/coaching-walkandtalk.com\/en\/blog\/\" \/>\n<meta property=\"og:locale\" content=\"en_GB\" \/>\n<meta property=\"og:type\" content=\"article\" \/>\n<meta property=\"og:title\" content=\"Blog - Coaching Walk and Talk\" \/>\n<meta property=\"og:description\" content=\"D\u00e9couvrez le d\u00e9veloppement personnel et ses bienfaits, gr\u00e2ce aux conseils de Susanna Persson, coach professionnelle certifi\u00e9e.\" \/>\n<meta property=\"og:url\" content=\"https:\/\/coaching-walkandtalk.com\/en\/blog\/\" \/>\n<meta property=\"og:site_name\" content=\"Coaching Walk and Talk\" \/>\n<meta property=\"article:modified_time\" content=\"2022-02-21T19:59:33+00:00\" \/>\n<meta name=\"twitter:card\" content=\"summary_large_image\" \/>\n<meta name=\"twitter:label1\" content=\"Estimated reading time\" \/>\n\t<meta name=\"twitter:data1\" content=\"1 minute\" \/>\n<script type=\"application\/ld+json\" class=\"yoast-schema-graph\">{\"@context\":\"https:\\\/\\\/schema.org\",\"@graph\":[{\"@type\":\"WebPage\",\"@id\":\"https:\\\/\\\/coaching-walkandtalk.com\\\/blog\\\/\",\"url\":\"https:\\\/\\\/coaching-walkandtalk.com\\\/blog\\\/\",\"name\":\"Blog - Coaching Walk and Talk\",\"isPartOf\":{\"@id\":\"https:\\\/\\\/coaching-walkandtalk.com\\\/#website\"},\"datePublished\":\"2018-09-11T17:57:31+00:00\",\"dateModified\":\"2022-02-21T19:59:33+00:00\",\"description\":\"D\u00e9couvrez le d\u00e9veloppement personnel et ses bienfaits, gr\u00e2ce aux conseils de Susanna Persson, coach professionnelle certifi\u00e9e.\",\"breadcrumb\":{\"@id\":\"https:\\\/\\\/coaching-walkandtalk.com\\\/blog\\\/#breadcrumb\"},\"inLanguage\":\"en-GB\",\"potentialAction\":[{\"@type\":\"ReadAction\",\"target\":[\"https:\\\/\\\/coaching-walkandtalk.com\\\/blog\\\/\"]}]},{\"@type\":\"BreadcrumbList\",\"@id\":\"https:\\\/\\\/coaching-walkandtalk.com\\\/blog\\\/#breadcrumb\",\"itemListElement\":[{\"@type\":\"ListItem\",\"position\":1,\"name\":\"Accueil\",\"item\":\"https:\\\/\\\/coaching-walkandtalk.com\\\/\"},{\"@type\":\"ListItem\",\"position\":2,\"name\":\"Blog\"}]},{\"@type\":\"WebSite\",\"@id\":\"https:\\\/\\\/coaching-walkandtalk.com\\\/#website\",\"url\":\"https:\\\/\\\/coaching-walkandtalk.com\\\/\",\"name\":\"Coaching Walk and Talk\",\"description\":\"Je vous guiderai sur le sentier de votre vie.\",\"potentialAction\":[{\"@type\":\"SearchAction\",\"target\":{\"@type\":\"EntryPoint\",\"urlTemplate\":\"https:\\\/\\\/coaching-walkandtalk.com\\\/?s={search_term_string}\"},\"query-input\":{\"@type\":\"PropertyValueSpecification\",\"valueRequired\":true,\"valueName\":\"search_term_string\"}}],\"inLanguage\":\"en-GB\"}]}<\/script>\n<!-- \/ Yoast SEO plugin. -->","yoast_head_json":{"title":"Blog - Coaching Walk and Talk","description":"D\u00e9couvrez le d\u00e9veloppement personnel et ses bienfaits, gr\u00e2ce aux conseils de Susanna Persson, coach professionnelle certifi\u00e9e.","robots":{"index":"index","follow":"follow","max-snippet":"max-snippet:-1","max-image-preview":"max-image-preview:large","max-video-preview":"max-video-preview:-1"},"canonical":"https:\/\/coaching-walkandtalk.com\/en\/blog\/","og_locale":"en_GB","og_type":"article","og_title":"Blog - Coaching Walk and Talk","og_description":"D\u00e9couvrez le d\u00e9veloppement personnel et ses bienfaits, gr\u00e2ce aux conseils de Susanna Persson, coach professionnelle certifi\u00e9e.","og_url":"https:\/\/coaching-walkandtalk.com\/en\/blog\/","og_site_name":"Coaching Walk and Talk","article_modified_time":"2022-02-21T19:59:33+00:00","twitter_card":"summary_large_image","twitter_misc":{"Estimated reading time":"1 minute"},"schema":{"@context":"https:\/\/schema.org","@graph":[{"@type":"WebPage","@id":"https:\/\/coaching-walkandtalk.com\/blog\/","url":"https:\/\/coaching-walkandtalk.com\/blog\/","name":"Blog - Coaching Walk and Talk","isPartOf":{"@id":"https:\/\/coaching-walkandtalk.com\/#website"},"datePublished":"2018-09-11T17:57:31+00:00","dateModified":"2022-02-21T19:59:33+00:00","description":"D\u00e9couvrez le d\u00e9veloppement personnel et ses bienfaits, gr\u00e2ce aux conseils de Susanna Persson, coach professionnelle certifi\u00e9e.","breadcrumb":{"@id":"https:\/\/coaching-walkandtalk.com\/blog\/#breadcrumb"},"inLanguage":"en-GB","potentialAction":[{"@type":"ReadAction","target":["https:\/\/coaching-walkandtalk.com\/blog\/"]}]},{"@type":"BreadcrumbList","@id":"https:\/\/coaching-walkandtalk.com\/blog\/#breadcrumb","itemListElement":[{"@type":"ListItem","position":1,"name":"Accueil","item":"https:\/\/coaching-walkandtalk.com\/"},{"@type":"ListItem","position":2,"name":"Blog"}]},{"@type":"WebSite","@id":"https:\/\/coaching-walkandtalk.com\/#website","url":"https:\/\/coaching-walkandtalk.com\/","name":"Coaching Walk and Talk","description":"I will guide you on the path of your life.","potentialAction":[{"@type":"SearchAction","target":{"@type":"EntryPoint","urlTemplate":"https:\/\/coaching-walkandtalk.com\/?s={search_term_string}"},"query-input":{"@type":"PropertyValueSpecification","valueRequired":true,"valueName":"search_term_string"}}],"inLanguage":"en-GB"}]}},"_links":{"self":[{"href":"https:\/\/coaching-walkandtalk.com\/en\/wp-json\/wp\/v2\/pages\/2396","targetHints":{"allow":["GET"]}}],"collection":[{"href":"https:\/\/coaching-walkandtalk.com\/en\/wp-json\/wp\/v2\/pages"}],"about":[{"href":"https:\/\/coaching-walkandtalk.com\/en\/wp-json\/wp\/v2\/types\/page"}],"author":[{"embeddable":true,"href":"https:\/\/coaching-walkandtalk.com\/en\/wp-json\/wp\/v2\/users\/1"}],"replies":[{"embeddable":true,"href":"https:\/\/coaching-walkandtalk.com\/en\/wp-json\/wp\/v2\/comments?post=2396"}],"version-history":[{"count":2,"href":"https:\/\/coaching-walkandtalk.com\/en\/wp-json\/wp\/v2\/pages\/2396\/revisions"}],"predecessor-version":[{"id":6009,"href":"https:\/\/coaching-walkandtalk.com\/en\/wp-json\/wp\/v2\/pages\/2396\/revisions\/6009"}],"wp:attachment":[{"href":"https:\/\/coaching-walkandtalk.com\/en\/wp-json\/wp\/v2\/media?parent=2396"}],"curies":[{"name":"wp","href":"https:\/\/api.w.org\/{rel}","templated":true}]}}